{"id":1333,"date":"2024-10-19T14:50:29","date_gmt":"2024-10-19T14:50:29","guid":{"rendered":"https:\/\/arenasportevents.com\/?page_id=1333"},"modified":"2024-11-19T23:26:30","modified_gmt":"2024-11-19T23:26:30","slug":"equipo","status":"publish","type":"page","link":"https:\/\/arenasportevents.com\/es\/equipo\/","title":{"rendered":"equipo"},"content":{"rendered":"\t\t<div data-elementor-type=\"wp-page\" data-elementor-id=\"1333\" class=\"elementor elementor-1333\" data-elementor-post-type=\"page\">\n\t\t\t\t<div class=\"elementor-element elementor-element-344ca1f e-con-full elementor-hidden-mobile e-flex e-con e-parent\" data-id=\"344ca1f\" data-element_type=\"container\" data-e-type=\"container\" data-settings=\"{&quot;background_background&quot;:&quot;classic&quot;}\">\n\t\t\t\t<div class=\"elementor-element elementor-element-b482fac elementor-widget elementor-widget-text-editor\" data-id=\"b482fac\" data-element_type=\"widget\" data-e-type=\"widget\" data-widget_type=\"text-editor.default\">\n\t\t\t\t<div class=\"elementor-widget-container\">\n\t\t\t\t\t\t\t\t\tel equipo\t\t\t\t\t\t\t\t<\/div>\n\t\t\t\t<\/div>\n\t\t\t\t<div class=\"elementor-element elementor-element-7b3483f elementor-widget elementor-widget-text-editor\" data-id=\"7b3483f\" data-element_type=\"widget\" data-e-type=\"widget\" data-widget_type=\"text-editor.default\">\n\t\t\t\t<div class=\"elementor-widget-container\">\n\t\t\t\t\t\t\t\t\tArena Sport Events es una empresa dedicada al cuidado del medio ambiente<br\/>y el desarrollo del ser humano. Nuestro veh\u00edculo es el deporte,la formaci\u00f3n en valores y<br\/>el conocimiento del medio.\t\t\t\t\t\t\t\t<\/div>\n\t\t\t\t<\/div>\n\t\t\t\t<\/div>\n\t\t<div class=\"elementor-element elementor-element-cbd77ee e-con-full elementor-hidden-desktop elementor-hidden-tablet e-flex e-con e-parent\" data-id=\"cbd77ee\" data-element_type=\"container\" data-e-type=\"container\" data-settings=\"{&quot;background_background&quot;:&quot;classic&quot;}\">\n\t\t\t\t<div class=\"elementor-element elementor-element-9a39c0f elementor-widget elementor-widget-text-editor\" data-id=\"9a39c0f\" data-element_type=\"widget\" data-e-type=\"widget\" data-widget_type=\"text-editor.default\">\n\t\t\t\t<div class=\"elementor-widget-container\">\n\t\t\t\t\t\t\t\t\tel equipo\t\t\t\t\t\t\t\t<\/div>\n\t\t\t\t<\/div>\n\t\t\t\t<div class=\"elementor-element elementor-element-95839d8 elementor-widget elementor-widget-text-editor\" data-id=\"95839d8\" data-element_type=\"widget\" data-e-type=\"widget\" data-widget_type=\"text-editor.default\">\n\t\t\t\t<div class=\"elementor-widget-container\">\n\t\t\t\t\t\t\t\t\tArena Sport Events es una empresa dedicada al cuidado del medio ambiente y el desarrollo del ser humano. Nuestro veh\u00edculo es el deporte,la formaci\u00f3n en valores y el conocimiento del medio.\t\t\t\t\t\t\t\t<\/div>\n\t\t\t\t<\/div>\n\t\t\t\t<\/div>\n\t\t<div class=\"elementor-element elementor-element-ab332f2 e-con-full e-flex e-con e-parent\" data-id=\"ab332f2\" data-element_type=\"container\" data-e-type=\"container\" data-settings=\"{&quot;background_background&quot;:&quot;classic&quot;}\">\n\t\t<div class=\"elementor-element elementor-element-79ff0c0 e-con-full e-flex e-con e-child\" data-id=\"79ff0c0\" data-element_type=\"container\" data-e-type=\"container\">\n\t\t\t\t<div class=\"elementor-element elementor-element-e4951a6 elementor-widget elementor-widget-image\" data-id=\"e4951a6\" data-element_type=\"widget\" data-e-type=\"widget\" data-widget_type=\"image.default\">\n\t\t\t\t<div class=\"elementor-widget-container\">\n\t\t\t\t\t\t\t\t\t\t\t\t\t\t\t\t<a href=\"https:\/\/www.linkedin.com\/\" target=\"_blank\">\n\t\t\t\t\t\t\t<img fetchpriority=\"high\" decoding=\"async\" width=\"500\" height=\"833\" src=\"https:\/\/arenasportevents.com\/wp-content\/uploads\/2024\/10\/equipo_rafa2.jpg\" class=\"attachment-full size-full wp-image-1784\" alt=\"\" srcset=\"https:\/\/arenasportevents.com\/wp-content\/uploads\/2024\/10\/equipo_rafa2.jpg 500w, https:\/\/arenasportevents.com\/wp-content\/uploads\/2024\/10\/equipo_rafa2-180x300.jpg 180w\" sizes=\"(max-width: 500px) 100vw, 500px\" \/>\t\t\t\t\t\t\t\t<\/a>\n\t\t\t\t\t\t\t\t\t\t\t\t\t\t\t<\/div>\n\t\t\t\t<\/div>\n\t\t\t\t<div class=\"elementor-element elementor-element-8ab722b elementor-widget elementor-widget-text-editor\" data-id=\"8ab722b\" data-element_type=\"widget\" data-e-type=\"widget\" data-widget_type=\"text-editor.default\">\n\t\t\t\t<div class=\"elementor-widget-container\">\n\t\t\t\t\t\t\t\t\tRAFA PASCUAL\t\t\t\t\t\t\t\t<\/div>\n\t\t\t\t<\/div>\n\t\t\t\t<div class=\"elementor-element elementor-element-5b5f018 elementor-widget elementor-widget-text-editor\" data-id=\"5b5f018\" data-element_type=\"widget\" data-e-type=\"widget\" data-widget_type=\"text-editor.default\">\n\t\t\t\t<div class=\"elementor-widget-container\">\n\t\t\t\t\t\t\t\t\tEXECUTIVE DIRECTOR | FOUNDER\t\t\t\t\t\t\t\t<\/div>\n\t\t\t\t<\/div>\n\t\t\t\t<div class=\"elementor-element elementor-element-66eee9b elementor-widget elementor-widget-text-editor\" data-id=\"66eee9b\" data-element_type=\"widget\" data-e-type=\"widget\" data-widget_type=\"text-editor.default\">\n\t\t\t\t<div class=\"elementor-widget-container\">\n\t\t\t\t\t\t\t\t\tRafael Pascual, es considerado uno de los mejores jugadores de voleibol de la historia. Rafa es el cofundador de Arena Sport Events junto a Ra\u00fal Madrid.<br\/>\nSu pasi\u00f3n por el deporte y su amplia experiencia en la \u00e9lite mundial lo convierte en el l\u00edder perfecto para guiar al equipo de Arena Sports.\t\t\t\t\t\t\t\t<\/div>\n\t\t\t\t<\/div>\n\t\t\t\t<\/div>\n\t\t<div class=\"elementor-element elementor-element-5467e0d e-con-full e-flex e-con e-child\" data-id=\"5467e0d\" data-element_type=\"container\" data-e-type=\"container\">\n\t\t\t\t<div class=\"elementor-element elementor-element-efce9bb elementor-widget elementor-widget-image\" data-id=\"efce9bb\" data-element_type=\"widget\" data-e-type=\"widget\" data-widget_type=\"image.default\">\n\t\t\t\t<div class=\"elementor-widget-container\">\n\t\t\t\t\t\t\t\t\t\t\t\t\t\t\t\t<a href=\"https:\/\/www.linkedin.com\/\" target=\"_blank\">\n\t\t\t\t\t\t\t<img decoding=\"async\" width=\"500\" height=\"833\" src=\"https:\/\/arenasportevents.com\/wp-content\/uploads\/2024\/10\/equipo_raul2.jpg\" class=\"attachment-full size-full wp-image-1786\" alt=\"\" srcset=\"https:\/\/arenasportevents.com\/wp-content\/uploads\/2024\/10\/equipo_raul2.jpg 500w, https:\/\/arenasportevents.com\/wp-content\/uploads\/2024\/10\/equipo_raul2-180x300.jpg 180w\" sizes=\"(max-width: 500px) 100vw, 500px\" \/>\t\t\t\t\t\t\t\t<\/a>\n\t\t\t\t\t\t\t\t\t\t\t\t\t\t\t<\/div>\n\t\t\t\t<\/div>\n\t\t\t\t<div class=\"elementor-element elementor-element-584189c elementor-widget elementor-widget-text-editor\" data-id=\"584189c\" data-element_type=\"widget\" data-e-type=\"widget\" data-widget_type=\"text-editor.default\">\n\t\t\t\t<div class=\"elementor-widget-container\">\n\t\t\t\t\t\t\t\t\tRA\u00daL MADRID\t\t\t\t\t\t\t\t<\/div>\n\t\t\t\t<\/div>\n\t\t\t\t<div class=\"elementor-element elementor-element-451c66f elementor-widget elementor-widget-text-editor\" data-id=\"451c66f\" data-element_type=\"widget\" data-e-type=\"widget\" data-widget_type=\"text-editor.default\">\n\t\t\t\t<div class=\"elementor-widget-container\">\n\t\t\t\t\t\t\t\t\tCEO | FOUNDER\t\t\t\t\t\t\t\t<\/div>\n\t\t\t\t<\/div>\n\t\t\t\t<div class=\"elementor-element elementor-element-056c376 elementor-widget elementor-widget-text-editor\" data-id=\"056c376\" data-element_type=\"widget\" data-e-type=\"widget\" data-widget_type=\"text-editor.default\">\n\t\t\t\t<div class=\"elementor-widget-container\">\n\t\t\t\t\t\t\t\t\tRa\u00fal Madrid, CEO de Haap Communication Group y cofundador de Arena Sport Events, aporta una visi\u00f3n estrat\u00e9gica y creativa a cada proyecto. Su experiencia en ingenier\u00eda, publicidad y marketing lo convierte en un pensador multifac\u00e9tico, clave para el \u00e9xito de Arena.\t\t\t\t\t\t\t\t<\/div>\n\t\t\t\t<\/div>\n\t\t\t\t<\/div>\n\t\t<div class=\"elementor-element elementor-element-457a4a3 e-con-full e-flex e-con e-child\" data-id=\"457a4a3\" data-element_type=\"container\" data-e-type=\"container\">\n\t\t\t\t<div class=\"elementor-element elementor-element-c1bc230 elementor-widget elementor-widget-image\" data-id=\"c1bc230\" data-element_type=\"widget\" data-e-type=\"widget\" data-widget_type=\"image.default\">\n\t\t\t\t<div class=\"elementor-widget-container\">\n\t\t\t\t\t\t\t\t\t\t\t\t\t\t\t\t<a href=\"https:\/\/www.linkedin.com\/\">\n\t\t\t\t\t\t\t<img decoding=\"async\" width=\"500\" height=\"833\" src=\"https:\/\/arenasportevents.com\/wp-content\/uploads\/2024\/10\/equipo_jaime2.jpg\" class=\"attachment-full size-full wp-image-1782\" alt=\"\" srcset=\"https:\/\/arenasportevents.com\/wp-content\/uploads\/2024\/10\/equipo_jaime2.jpg 500w, https:\/\/arenasportevents.com\/wp-content\/uploads\/2024\/10\/equipo_jaime2-180x300.jpg 180w\" sizes=\"(max-width: 500px) 100vw, 500px\" \/>\t\t\t\t\t\t\t\t<\/a>\n\t\t\t\t\t\t\t\t\t\t\t\t\t\t\t<\/div>\n\t\t\t\t<\/div>\n\t\t\t\t<div class=\"elementor-element elementor-element-303ed36 elementor-widget elementor-widget-text-editor\" data-id=\"303ed36\" data-element_type=\"widget\" data-e-type=\"widget\" data-widget_type=\"text-editor.default\">\n\t\t\t\t<div class=\"elementor-widget-container\">\n\t\t\t\t\t\t\t\t\tJAIME NAVA\t\t\t\t\t\t\t\t<\/div>\n\t\t\t\t<\/div>\n\t\t\t\t<div class=\"elementor-element elementor-element-771a04b elementor-widget elementor-widget-text-editor\" data-id=\"771a04b\" data-element_type=\"widget\" data-e-type=\"widget\" data-widget_type=\"text-editor.default\">\n\t\t\t\t<div class=\"elementor-widget-container\">\n\t\t\t\t\t\t\t\t\tCHIEF COMMERCIAL OFFICE | PARTNER\t\t\t\t\t\t\t\t<\/div>\n\t\t\t\t<\/div>\n\t\t\t\t<div class=\"elementor-element elementor-element-4ba97d7 elementor-widget elementor-widget-text-editor\" data-id=\"4ba97d7\" data-element_type=\"widget\" data-e-type=\"widget\" data-widget_type=\"text-editor.default\">\n\t\t\t\t<div class=\"elementor-widget-container\">\n\t\t\t\t\t\t\t\t\tJaime Nava, ex capit\u00e1n de la selecci\u00f3n espa\u00f1ola de rugby. Su capacidad para inspirar lo convierten en un activo invaluable para la empresa.<br\/>Combina su conocimiento del deporte de \u00e9lite con habilidades de comunicaci\u00f3n y gesti\u00f3n, aportando una visi\u00f3n integral a Arena Sport Events.\t\t\t\t\t\t\t\t<\/div>\n\t\t\t\t<\/div>\n\t\t\t\t<\/div>\n\t\t<div class=\"elementor-element elementor-element-3340409 e-con-full e-flex e-con e-child\" data-id=\"3340409\" data-element_type=\"container\" data-e-type=\"container\">\n\t\t\t\t<div class=\"elementor-element elementor-element-497c486 elementor-widget elementor-widget-image\" data-id=\"497c486\" data-element_type=\"widget\" data-e-type=\"widget\" data-widget_type=\"image.default\">\n\t\t\t\t<div class=\"elementor-widget-container\">\n\t\t\t\t\t\t\t\t\t\t\t\t\t\t\t\t<a href=\"https:\/\/www.linkedin.com\/\" target=\"_blank\">\n\t\t\t\t\t\t\t<img loading=\"lazy\" decoding=\"async\" width=\"500\" height=\"833\" src=\"https:\/\/arenasportevents.com\/wp-content\/uploads\/2024\/10\/equipo_antoine2.jpg\" class=\"attachment-full size-full wp-image-1780\" alt=\"\" srcset=\"https:\/\/arenasportevents.com\/wp-content\/uploads\/2024\/10\/equipo_antoine2.jpg 500w, https:\/\/arenasportevents.com\/wp-content\/uploads\/2024\/10\/equipo_antoine2-180x300.jpg 180w\" sizes=\"(max-width: 500px) 100vw, 500px\" \/>\t\t\t\t\t\t\t\t<\/a>\n\t\t\t\t\t\t\t\t\t\t\t\t\t\t\t<\/div>\n\t\t\t\t<\/div>\n\t\t\t\t<div class=\"elementor-element elementor-element-8ea1d9e elementor-widget elementor-widget-text-editor\" data-id=\"8ea1d9e\" data-element_type=\"widget\" data-e-type=\"widget\" data-widget_type=\"text-editor.default\">\n\t\t\t\t<div class=\"elementor-widget-container\">\n\t\t\t\t\t\t\t\t\tANTOINE RAYNARD\t\t\t\t\t\t\t\t<\/div>\n\t\t\t\t<\/div>\n\t\t\t\t<div class=\"elementor-element elementor-element-404af03 elementor-widget elementor-widget-text-editor\" data-id=\"404af03\" data-element_type=\"widget\" data-e-type=\"widget\" data-widget_type=\"text-editor.default\">\n\t\t\t\t<div class=\"elementor-widget-container\">\n\t\t\t\t\t\t\t\t\tCHIEF OPERATING OFFICER | PARTNER\t\t\t\t\t\t\t\t<\/div>\n\t\t\t\t<\/div>\n\t\t\t\t<div class=\"elementor-element elementor-element-66513d4 elementor-widget elementor-widget-text-editor\" data-id=\"66513d4\" data-element_type=\"widget\" data-e-type=\"widget\" data-widget_type=\"text-editor.default\">\n\t\t\t\t<div class=\"elementor-widget-container\">\n\t\t\t\t\t\t\t\t\t<p>Antoine Raynard es mucho m\u00e1s que solo la cara internacional de Arena Sport. Su nombre resuena en el mundo del marketing deportivo gracias a una larga y exitosa trayectoria que lo ha posicionado como un experto en el \u00e1rea.<br \/>Es cofundador de la empresa Allandgo.<\/p>\t\t\t\t\t\t\t\t<\/div>\n\t\t\t\t<\/div>\n\t\t\t\t<\/div>\n\t\t\t\t<\/div>\n\t\t<div class=\"elementor-element elementor-element-72b2076 e-con-full e-flex e-con e-parent\" data-id=\"72b2076\" data-element_type=\"container\" data-e-type=\"container\" data-settings=\"{&quot;background_background&quot;:&quot;classic&quot;}\">\n\t\t\t\t<div class=\"elementor-element elementor-element-668c749 elementor-widget-divider--view-line elementor-widget elementor-widget-divider\" data-id=\"668c749\" data-element_type=\"widget\" data-e-type=\"widget\" data-widget_type=\"divider.default\">\n\t\t\t\t<div class=\"elementor-widget-container\">\n\t\t\t\t\t\t\t<div class=\"elementor-divider\">\n\t\t\t<span class=\"elementor-divider-separator\">\n\t\t\t\t\t\t<\/span>\n\t\t<\/div>\n\t\t\t\t\t\t<\/div>\n\t\t\t\t<\/div>\n\t\t\t\t<\/div>\n\t\t<div class=\"elementor-element elementor-element-2abc3fd e-con-full e-flex e-con e-parent\" data-id=\"2abc3fd\" data-element_type=\"container\" data-e-type=\"container\" data-settings=\"{&quot;background_background&quot;:&quot;classic&quot;}\">\n\t\t\t\t<div class=\"elementor-element elementor-element-94d0c66 elementor-headline--style-rotate elementor-widget__width-initial animated-slow elementor-widget elementor-widget-animated-headline\" data-id=\"94d0c66\" data-element_type=\"widget\" data-e-type=\"widget\" data-settings=\"{&quot;headline_style&quot;:&quot;rotate&quot;,&quot;rotating_text&quot;:&quot;\\u00bfTienes un proyecto?\\n\\u00bfTienes un proyecto?\\n\\u00bfTienes un proyecto?\\n\\u00bfTienes un proyecto?\\n\\u00bfTienes un proyecto?\\n\\u00bfTienes un proyecto?&quot;,&quot;_animation&quot;:&quot;none&quot;,&quot;animation_type&quot;:&quot;typing&quot;,&quot;rotate_iteration_delay&quot;:2500}\" data-widget_type=\"animated-headline.default\">\n\t\t\t\t<div class=\"elementor-widget-container\">\n\t\t\t\t\t\t\t<h3 class=\"elementor-headline elementor-headline-animation-type-typing elementor-headline-letters\">\n\t\t\t\t<span class=\"elementor-headline-dynamic-wrapper elementor-headline-text-wrapper\">\n\t\t\t\t\t<span class=\"elementor-headline-dynamic-text elementor-headline-text-active\">\n\t\t\t\t\u00bfTienes&nbsp;un&nbsp;proyecto?\t\t\t<\/span>\n\t\t\t\t\t<span class=\"elementor-headline-dynamic-text\">\n\t\t\t\t\u00bfTienes&nbsp;un&nbsp;proyecto?\t\t\t<\/span>\n\t\t\t\t\t<span class=\"elementor-headline-dynamic-text\">\n\t\t\t\t\u00bfTienes&nbsp;un&nbsp;proyecto?\t\t\t<\/span>\n\t\t\t\t\t<span class=\"elementor-headline-dynamic-text\">\n\t\t\t\t\u00bfTienes&nbsp;un&nbsp;proyecto?\t\t\t<\/span>\n\t\t\t\t\t<span class=\"elementor-headline-dynamic-text\">\n\t\t\t\t\u00bfTienes&nbsp;un&nbsp;proyecto?\t\t\t<\/span>\n\t\t\t\t\t<span class=\"elementor-headline-dynamic-text\">\n\t\t\t\t\u00bfTienes&nbsp;un&nbsp;proyecto?\t\t\t<\/span>\n\t\t\t\t\t\t<\/span>\n\t\t\t\t<\/h3>\n\t\t\t\t\t\t<\/div>\n\t\t\t\t<\/div>\n\t\t\t\t<div class=\"elementor-element elementor-element-068fcd7 elementor-widget elementor-widget-text-editor\" data-id=\"068fcd7\" data-element_type=\"widget\" data-e-type=\"widget\" data-widget_type=\"text-editor.default\">\n\t\t\t\t<div class=\"elementor-widget-container\">\n\t\t\t\t\t\t\t\t\tenvianos un correo electr\u00f3nico a <a href=\"mailto:contact@arenasportevents.com\" style=\"color:#000;\">contact@arenasportevents.com<\/a><br\/>\no llamanos al <a href=\"callto:34916572971\"  style=\"color:#000;\">916 57 29 71<\/a>\t\t\t\t\t\t\t\t<\/div>\n\t\t\t\t<\/div>\n\t\t\t\t<\/div>\n\t\t\t\t<\/div>\n\t\t","protected":false},"excerpt":{"rendered":"<p>el equipoArena Sport Events es una empresa dedicada al cuidado del medio ambientey el desarrollo del ser humano. Nuestro veh\u00edculo es el deporte,la formaci\u00f3n en valores yel conocimiento del medio.el equipoArena Sport Events es una empresa dedicada al cuidado del medio ambiente y el desarrollo del ser humano. Nuestro veh\u00edculo es el deporte,la formaci\u00f3n en [&hellip;]<\/p>\n","protected":false},"author":1,"featured_media":0,"parent":0,"menu_order":30,"comment_status":"closed","ping_status":"closed","template":"","meta":{"site-sidebar-layout":"no-sidebar","site-content-layout":"page-builder","ast-site-content-layout":"full-width-container","site-content-style":"unboxed","site-sidebar-style":"unboxed","ast-global-header-display":"","ast-banner-title-visibility":"","ast-main-header-display":"","ast-hfb-above-header-display":"","ast-hfb-below-header-display":"","ast-hfb-mobile-header-display":"","site-post-title":"disabled","ast-breadcrumbs-content":"","ast-featured-img":"disabled","footer-sml-layout":"","ast-disable-related-posts":"","theme-transparent-header-meta":"default","adv-header-id-meta":"","stick-header-meta":"","header-above-stick-meta":"","header-main-stick-meta":"","header-below-stick-meta":"","astra-migrate-meta-layouts":"set","ast-page-background-enabled":"default","ast-page-background-meta":{"desktop":{"background-color":"","background-image":"","background-repeat":"repeat","background-position":"center center","background-size":"auto","background-attachment":"scroll","background-type":"","background-media":"","overlay-type":"","overlay-color":"","overlay-opacity":"","overlay-gradient":""},"tablet":{"background-color":"","background-image":"","background-repeat":"repeat","background-position":"center center","background-size":"auto","background-attachment":"scroll","background-type":"","background-media":"","overlay-type":"","overlay-color":"","overlay-opacity":"","overlay-gradient":""},"mobile":{"background-color":"","background-image":"","background-repeat":"repeat","background-position":"center center","background-size":"auto","background-attachment":"scroll","background-type":"","background-media":"","overlay-type":"","overlay-color":"","overlay-opacity":"","overlay-gradient":""}},"ast-content-background-meta":{"desktop":{"background-color":"var(--ast-global-color-5)","background-image":"","background-repeat":"repeat","background-position":"center center","background-size":"auto","background-attachment":"scroll","background-type":"","background-media":"","overlay-type":"","overlay-color":"","overlay-opacity":"","overlay-gradient":""},"tablet":{"background-color":"var(--ast-global-color-5)","background-image":"","background-repeat":"repeat","background-position":"center center","background-size":"auto","background-attachment":"scroll","background-type":"","background-media":"","overlay-type":"","overlay-color":"","overlay-opacity":"","overlay-gradient":""},"mobile":{"background-color":"var(--ast-global-color-5)","background-image":"","background-repeat":"repeat","background-position":"center center","background-size":"auto","background-attachment":"scroll","background-type":"","background-media":"","overlay-type":"","overlay-color":"","overlay-opacity":"","overlay-gradient":""}},"footnotes":""},"class_list":["post-1333","page","type-page","status-publish","hentry"],"_links":{"self":[{"href":"https:\/\/arenasportevents.com\/es\/wp-json\/wp\/v2\/pages\/1333","targetHints":{"allow":["GET"]}}],"collection":[{"href":"https:\/\/arenasportevents.com\/es\/wp-json\/wp\/v2\/pages"}],"about":[{"href":"https:\/\/arenasportevents.com\/es\/wp-json\/wp\/v2\/types\/page"}],"author":[{"embeddable":true,"href":"https:\/\/arenasportevents.com\/es\/wp-json\/wp\/v2\/users\/1"}],"replies":[{"embeddable":true,"href":"https:\/\/arenasportevents.com\/es\/wp-json\/wp\/v2\/comments?post=1333"}],"version-history":[{"count":0,"href":"https:\/\/arenasportevents.com\/es\/wp-json\/wp\/v2\/pages\/1333\/revisions"}],"wp:attachment":[{"href":"https:\/\/arenasportevents.com\/es\/wp-json\/wp\/v2\/media?parent=1333"}],"curies":[{"name":"wp","href":"https:\/\/api.w.org\/{rel}","templated":true}]}}