{"id":2312,"date":"2024-11-20T11:56:57","date_gmt":"2024-11-20T11:56:57","guid":{"rendered":"https:\/\/arenasportevents.com\/?page_id=2312"},"modified":"2024-11-21T22:05:37","modified_gmt":"2024-11-21T22:05:37","slug":"marcas","status":"publish","type":"page","link":"https:\/\/arenasportevents.com\/es\/marcas\/","title":{"rendered":"marcas"},"content":{"rendered":"\t\t<div data-elementor-type=\"wp-page\" data-elementor-id=\"2312\" class=\"elementor elementor-2312 elementor-2311\" data-elementor-post-type=\"page\">\n\t\t\t\t<div class=\"elementor-element elementor-element-344ca1f e-con-full elementor-hidden-mobile elementor-hidden-desktop elementor-hidden-tablet e-flex e-con e-parent\" data-id=\"344ca1f\" data-element_type=\"container\" data-e-type=\"container\" data-settings=\"{&quot;background_background&quot;:&quot;classic&quot;}\">\n\t\t\t\t<div class=\"elementor-element elementor-element-b482fac elementor-widget elementor-widget-text-editor\" data-id=\"b482fac\" data-element_type=\"widget\" data-e-type=\"widget\" data-widget_type=\"text-editor.default\">\n\t\t\t\t<div class=\"elementor-widget-container\">\n\t\t\t\t\t\t\t\t\tthe brands\t\t\t\t\t\t\t\t<\/div>\n\t\t\t\t<\/div>\n\t\t\t\t<\/div>\n\t\t<div class=\"elementor-element elementor-element-5de8800 e-con-full e-flex e-con e-parent\" data-id=\"5de8800\" data-element_type=\"container\" data-e-type=\"container\" data-settings=\"{&quot;background_background&quot;:&quot;classic&quot;}\">\n\t\t<div class=\"elementor-element elementor-element-bdc2117 elementor-hidden-mobile e-con-full e-flex e-con e-child\" data-id=\"bdc2117\" data-element_type=\"container\" data-e-type=\"container\">\n\t\t\t\t<div class=\"elementor-element elementor-element-4007941 elementor-invisible elementor-widget elementor-widget-image\" data-id=\"4007941\" data-element_type=\"widget\" data-e-type=\"widget\" data-settings=\"{&quot;_animation&quot;:&quot;slideInLeft&quot;}\" data-widget_type=\"image.default\">\n\t\t\t\t<div class=\"elementor-widget-container\">\n\t\t\t\t\t\t\t\t\t\t\t\t\t\t\t<img fetchpriority=\"high\" decoding=\"async\" width=\"1599\" height=\"1103\" src=\"https:\/\/arenasportevents.com\/wp-content\/uploads\/2024\/11\/width_1600.webp\" class=\"attachment-full size-full wp-image-2116\" alt=\"\" srcset=\"https:\/\/arenasportevents.com\/wp-content\/uploads\/2024\/11\/width_1600.webp 1599w, https:\/\/arenasportevents.com\/wp-content\/uploads\/2024\/11\/width_1600-300x207.webp 300w, https:\/\/arenasportevents.com\/wp-content\/uploads\/2024\/11\/width_1600-1024x706.webp 1024w, https:\/\/arenasportevents.com\/wp-content\/uploads\/2024\/11\/width_1600-768x530.webp 768w, https:\/\/arenasportevents.com\/wp-content\/uploads\/2024\/11\/width_1600-1536x1060.webp 1536w\" sizes=\"(max-width: 1599px) 100vw, 1599px\" \/>\t\t\t\t\t\t\t\t\t\t\t\t\t\t\t<\/div>\n\t\t\t\t<\/div>\n\t\t\t\t<\/div>\n\t\t<div class=\"elementor-element elementor-element-6e47cb8 e-con-full e-flex e-con e-child\" data-id=\"6e47cb8\" data-element_type=\"container\" data-e-type=\"container\">\n\t\t\t\t<div class=\"elementor-element elementor-element-0cf9e63 elementor-widget elementor-widget-image\" data-id=\"0cf9e63\" data-element_type=\"widget\" data-e-type=\"widget\" data-widget_type=\"image.default\">\n\t\t\t\t<div class=\"elementor-widget-container\">\n\t\t\t\t\t\t\t\t\t\t\t\t\t\t\t<img decoding=\"async\" width=\"523\" height=\"218\" src=\"https:\/\/arenasportevents.com\/wp-content\/uploads\/2024\/11\/logo_sandgames.png\" class=\"attachment-full size-full wp-image-2018\" alt=\"\" srcset=\"https:\/\/arenasportevents.com\/wp-content\/uploads\/2024\/11\/logo_sandgames.png 523w, https:\/\/arenasportevents.com\/wp-content\/uploads\/2024\/11\/logo_sandgames-300x125.png 300w\" sizes=\"(max-width: 523px) 100vw, 523px\" \/>\t\t\t\t\t\t\t\t\t\t\t\t\t\t\t<\/div>\n\t\t\t\t<\/div>\n\t\t\t\t<div class=\"elementor-element elementor-element-5305937 elementor-widget elementor-widget-text-editor\" data-id=\"5305937\" data-element_type=\"widget\" data-e-type=\"widget\" data-widget_type=\"text-editor.default\">\n\t\t\t\t<div class=\"elementor-widget-container\">\n\t\t\t\t\t\t\t\t\tDonde el deporte se encuentra con la naturaleza, conect\u00e1ndote con la tierra, y la sostenibilidad impulsa cada movimiento. \u00danete al movimiento, siente la arena entre los dedos de los pies y juega por un planeta mejor\t\t\t\t\t\t\t\t<\/div>\n\t\t\t\t<\/div>\n\t\t\t\t<div class=\"elementor-element elementor-element-ad87d3e elementor-widget elementor-widget-text-editor\" data-id=\"ad87d3e\" data-element_type=\"widget\" data-e-type=\"widget\" data-widget_type=\"text-editor.default\">\n\t\t\t\t<div class=\"elementor-widget-container\">\n\t\t\t\t\t\t\t\t\t<p>SANDGAMES<\/p>\t\t\t\t\t\t\t\t<\/div>\n\t\t\t\t<\/div>\n\t\t\t\t<div class=\"elementor-element elementor-element-5d121ab elementor-widget elementor-widget-image\" data-id=\"5d121ab\" data-element_type=\"widget\" data-e-type=\"widget\" data-widget_type=\"image.default\">\n\t\t\t\t<div class=\"elementor-widget-container\">\n\t\t\t\t\t\t\t\t\t\t\t\t\t\t\t<img decoding=\"async\" width=\"523\" height=\"256\" src=\"https:\/\/arenasportevents.com\/wp-content\/uploads\/2024\/11\/logo_rewild.png\" class=\"attachment-full size-full wp-image-2016\" alt=\"\" srcset=\"https:\/\/arenasportevents.com\/wp-content\/uploads\/2024\/11\/logo_rewild.png 523w, https:\/\/arenasportevents.com\/wp-content\/uploads\/2024\/11\/logo_rewild-300x147.png 300w\" sizes=\"(max-width: 523px) 100vw, 523px\" \/>\t\t\t\t\t\t\t\t\t\t\t\t\t\t\t<\/div>\n\t\t\t\t<\/div>\n\t\t\t\t<div class=\"elementor-element elementor-element-c6b34ea elementor-widget elementor-widget-text-editor\" data-id=\"c6b34ea\" data-element_type=\"widget\" data-e-type=\"widget\" data-widget_type=\"text-editor.default\">\n\t\t\t\t<div class=\"elementor-widget-container\">\n\t\t\t\t\t\t\t\t\tLa luz del sol, el entrenamiento descalzo y los deportes en la naturaleza mejoran nuestro bienestar. Desconecta para reconectar.<br\/>\n\u00a1Bienvenido a lo salvaje!\t\t\t\t\t\t\t\t<\/div>\n\t\t\t\t<\/div>\n\t\t\t\t<div class=\"elementor-element elementor-element-87f9643 elementor-widget elementor-widget-text-editor\" data-id=\"87f9643\" data-element_type=\"widget\" data-e-type=\"widget\" data-widget_type=\"text-editor.default\">\n\t\t\t\t<div class=\"elementor-widget-container\">\n\t\t\t\t\t\t\t\t\t<p>REWILD SPORTS<\/p>\t\t\t\t\t\t\t\t<\/div>\n\t\t\t\t<\/div>\n\t\t\t\t<div class=\"elementor-element elementor-element-cb98ef0 elementor-widget elementor-widget-image\" data-id=\"cb98ef0\" data-element_type=\"widget\" data-e-type=\"widget\" data-widget_type=\"image.default\">\n\t\t\t\t<div class=\"elementor-widget-container\">\n\t\t\t\t\t\t\t\t\t\t\t\t\t\t\t<img loading=\"lazy\" decoding=\"async\" width=\"523\" height=\"142\" src=\"https:\/\/arenasportevents.com\/wp-content\/uploads\/2024\/11\/logo_geiser.png\" class=\"attachment-full size-full wp-image-2033\" alt=\"\" srcset=\"https:\/\/arenasportevents.com\/wp-content\/uploads\/2024\/11\/logo_geiser.png 523w, https:\/\/arenasportevents.com\/wp-content\/uploads\/2024\/11\/logo_geiser-300x81.png 300w\" sizes=\"(max-width: 523px) 100vw, 523px\" \/>\t\t\t\t\t\t\t\t\t\t\t\t\t\t\t<\/div>\n\t\t\t\t<\/div>\n\t\t\t\t<div class=\"elementor-element elementor-element-0144f11 elementor-widget elementor-widget-text-editor\" data-id=\"0144f11\" data-element_type=\"widget\" data-e-type=\"widget\" data-widget_type=\"text-editor.default\">\n\t\t\t\t<div class=\"elementor-widget-container\">\n\t\t\t\t\t\t\t\t\tNuestro departamento de ingenier\u00eda y fabricaci\u00f3n dise\u00f1a y desarrolla elementos que se integran perfectamente en nuestras instalaciones, respetando los ODS y promoviendo mecanismos que mejoren la reducci\u00f3n de gases de efecto invernadero en su fabricaci\u00f3n. Geiser es la marca que abandera el proyecto y el movimiento:<br\/>\nBienvenido a #Re-Woodlution\t\t\t\t\t\t\t\t<\/div>\n\t\t\t\t<\/div>\n\t\t\t\t<div class=\"elementor-element elementor-element-c5ef11f elementor-widget elementor-widget-text-editor\" data-id=\"c5ef11f\" data-element_type=\"widget\" data-e-type=\"widget\" data-widget_type=\"text-editor.default\">\n\t\t\t\t<div class=\"elementor-widget-container\">\n\t\t\t\t\t\t\t\t\t<p>GEISER PROBEACH<\/p>\t\t\t\t\t\t\t\t<\/div>\n\t\t\t\t<\/div>\n\t\t\t\t<\/div>\n\t\t<div class=\"elementor-element elementor-element-2e6394f elementor-hidden-mobile e-con-full e-flex e-con e-child\" data-id=\"2e6394f\" data-element_type=\"container\" data-e-type=\"container\">\n\t\t\t\t<div class=\"elementor-element elementor-element-bba0a9d elementor-invisible elementor-widget elementor-widget-image\" data-id=\"bba0a9d\" data-element_type=\"widget\" data-e-type=\"widget\" data-settings=\"{&quot;_animation&quot;:&quot;slideInRight&quot;}\" data-widget_type=\"image.default\">\n\t\t\t\t<div class=\"elementor-widget-container\">\n\t\t\t\t\t\t\t\t\t\t\t\t\t\t\t<img fetchpriority=\"high\" decoding=\"async\" width=\"1599\" height=\"1103\" src=\"https:\/\/arenasportevents.com\/wp-content\/uploads\/2024\/11\/width_1600.webp\" class=\"attachment-full size-full wp-image-2116\" alt=\"\" srcset=\"https:\/\/arenasportevents.com\/wp-content\/uploads\/2024\/11\/width_1600.webp 1599w, https:\/\/arenasportevents.com\/wp-content\/uploads\/2024\/11\/width_1600-300x207.webp 300w, https:\/\/arenasportevents.com\/wp-content\/uploads\/2024\/11\/width_1600-1024x706.webp 1024w, https:\/\/arenasportevents.com\/wp-content\/uploads\/2024\/11\/width_1600-768x530.webp 768w, https:\/\/arenasportevents.com\/wp-content\/uploads\/2024\/11\/width_1600-1536x1060.webp 1536w\" sizes=\"(max-width: 1599px) 100vw, 1599px\" \/>\t\t\t\t\t\t\t\t\t\t\t\t\t\t\t<\/div>\n\t\t\t\t<\/div>\n\t\t\t\t<\/div>\n\t\t\t\t<\/div>\n\t\t<div class=\"elementor-element elementor-element-69b13ac e-con-full elementor-hidden-mobile e-flex e-con e-parent\" data-id=\"69b13ac\" data-element_type=\"container\" data-e-type=\"container\" data-settings=\"{&quot;background_background&quot;:&quot;classic&quot;}\">\n\t\t<div class=\"elementor-element elementor-element-b911f33 elementor-hidden-mobile e-con-full e-flex e-con e-child\" data-id=\"b911f33\" data-element_type=\"container\" data-e-type=\"container\">\n\t\t\t\t<\/div>\n\t\t<div class=\"elementor-element elementor-element-242dbd3 elementor-hidden-mobile e-con-full e-flex e-con e-child\" data-id=\"242dbd3\" data-element_type=\"container\" data-e-type=\"container\">\n\t\t\t\t<\/div>\n\t\t<div class=\"elementor-element elementor-element-dac91a4 elementor-hidden-mobile e-con-full e-flex e-con e-child\" data-id=\"dac91a4\" data-element_type=\"container\" data-e-type=\"container\">\n\t\t\t\t<div class=\"elementor-element elementor-element-2ed5713 elementor-invisible elementor-widget elementor-widget-image\" data-id=\"2ed5713\" data-element_type=\"widget\" data-e-type=\"widget\" data-settings=\"{&quot;_animation&quot;:&quot;zoomIn&quot;}\" data-widget_type=\"image.default\">\n\t\t\t\t<div class=\"elementor-widget-container\">\n\t\t\t\t\t\t\t\t\t\t\t\t\t\t\t<img fetchpriority=\"high\" decoding=\"async\" width=\"1599\" height=\"1103\" src=\"https:\/\/arenasportevents.com\/wp-content\/uploads\/2024\/11\/width_1600.webp\" class=\"attachment-full size-full wp-image-2116\" alt=\"\" srcset=\"https:\/\/arenasportevents.com\/wp-content\/uploads\/2024\/11\/width_1600.webp 1599w, https:\/\/arenasportevents.com\/wp-content\/uploads\/2024\/11\/width_1600-300x207.webp 300w, https:\/\/arenasportevents.com\/wp-content\/uploads\/2024\/11\/width_1600-1024x706.webp 1024w, https:\/\/arenasportevents.com\/wp-content\/uploads\/2024\/11\/width_1600-768x530.webp 768w, https:\/\/arenasportevents.com\/wp-content\/uploads\/2024\/11\/width_1600-1536x1060.webp 1536w\" sizes=\"(max-width: 1599px) 100vw, 1599px\" \/>\t\t\t\t\t\t\t\t\t\t\t\t\t\t\t<\/div>\n\t\t\t\t<\/div>\n\t\t\t\t<\/div>\n\t\t\t\t<\/div>\n\t\t<div class=\"elementor-element elementor-element-ebb7ba8 e-con-full elementor-hidden-desktop elementor-hidden-tablet elementor-hidden-mobile e-flex e-con e-parent\" data-id=\"ebb7ba8\" data-element_type=\"container\" data-e-type=\"container\" data-settings=\"{&quot;background_background&quot;:&quot;classic&quot;}\">\n\t\t\t\t<div class=\"elementor-element elementor-element-01d7a4f elementor-widget-divider--view-line elementor-widget elementor-widget-divider\" data-id=\"01d7a4f\" data-element_type=\"widget\" data-e-type=\"widget\" data-widget_type=\"divider.default\">\n\t\t\t\t<div class=\"elementor-widget-container\">\n\t\t\t\t\t\t\t<div class=\"elementor-divider\">\n\t\t\t<span class=\"elementor-divider-separator\">\n\t\t\t\t\t\t<\/span>\n\t\t<\/div>\n\t\t\t\t\t\t<\/div>\n\t\t\t\t<\/div>\n\t\t\t\t<\/div>\n\t\t<div class=\"elementor-element elementor-element-e83a199 e-con-full elementor-hidden-desktop elementor-hidden-tablet elementor-hidden-mobile e-flex e-con e-parent\" data-id=\"e83a199\" data-element_type=\"container\" data-e-type=\"container\" data-settings=\"{&quot;background_background&quot;:&quot;classic&quot;}\">\n\t\t\t\t<div class=\"elementor-element elementor-element-773b2c2 elementor-headline--style-rotate elementor-widget__width-initial animated-slow elementor-widget elementor-widget-animated-headline\" data-id=\"773b2c2\" data-element_type=\"widget\" data-e-type=\"widget\" data-settings=\"{&quot;headline_style&quot;:&quot;rotate&quot;,&quot;rotating_text&quot;:&quot;Got a project?\\nGot a project?\\nGot a project?\\nGot a project?\\nGot a project?\\nGot a project?&quot;,&quot;_animation&quot;:&quot;none&quot;,&quot;animation_type&quot;:&quot;typing&quot;,&quot;rotate_iteration_delay&quot;:2500}\" data-widget_type=\"animated-headline.default\">\n\t\t\t\t<div class=\"elementor-widget-container\">\n\t\t\t\t\t\t\t<h3 class=\"elementor-headline elementor-headline-animation-type-typing elementor-headline-letters\">\n\t\t\t\t<span class=\"elementor-headline-dynamic-wrapper elementor-headline-text-wrapper\">\n\t\t\t\t\t<span class=\"elementor-headline-dynamic-text elementor-headline-text-active\">\n\t\t\t\tGot&nbsp;a&nbsp;project?\t\t\t<\/span>\n\t\t\t\t\t<span class=\"elementor-headline-dynamic-text\">\n\t\t\t\tGot&nbsp;a&nbsp;project?\t\t\t<\/span>\n\t\t\t\t\t<span class=\"elementor-headline-dynamic-text\">\n\t\t\t\tGot&nbsp;a&nbsp;project?\t\t\t<\/span>\n\t\t\t\t\t<span class=\"elementor-headline-dynamic-text\">\n\t\t\t\tGot&nbsp;a&nbsp;project?\t\t\t<\/span>\n\t\t\t\t\t<span class=\"elementor-headline-dynamic-text\">\n\t\t\t\tGot&nbsp;a&nbsp;project?\t\t\t<\/span>\n\t\t\t\t\t<span class=\"elementor-headline-dynamic-text\">\n\t\t\t\tGot&nbsp;a&nbsp;project?\t\t\t<\/span>\n\t\t\t\t\t\t<\/span>\n\t\t\t\t<\/h3>\n\t\t\t\t\t\t<\/div>\n\t\t\t\t<\/div>\n\t\t\t\t<div class=\"elementor-element elementor-element-8bb568e elementor-widget elementor-widget-text-editor\" data-id=\"8bb568e\" data-element_type=\"widget\" data-e-type=\"widget\" data-widget_type=\"text-editor.default\">\n\t\t\t\t<div class=\"elementor-widget-container\">\n\t\t\t\t\t\t\t\t\t<p>email us at <a href=\"mailto:contact@arenasportevents.com\">contact@arenasportevents.com<\/a><br \/>or call us on <a href=\"callto:34916572971\">+34 916 57 29 71<\/a><\/p>\t\t\t\t\t\t\t\t<\/div>\n\t\t\t\t<\/div>\n\t\t\t\t<\/div>\n\t\t\t\t<\/div>\n\t\t","protected":false},"excerpt":{"rendered":"<p>the brands Donde el deporte se encuentra con la naturaleza, conect\u00e1ndote con la tierra, y la sostenibilidad impulsa cada movimiento. \u00danete al movimiento, siente la arena entre los dedos de los pies y juega por un planeta mejor SANDGAMES La luz del sol, el entrenamiento descalzo y los deportes en la naturaleza mejoran nuestro bienestar. [&hellip;]<\/p>\n","protected":false},"author":1,"featured_media":0,"parent":0,"menu_order":10,"comment_status":"closed","ping_status":"closed","template":"","meta":{"site-sidebar-layout":"no-sidebar","site-content-layout":"page-builder","ast-site-content-layout":"full-width-container","site-content-style":"unboxed","site-sidebar-style":"unboxed","ast-global-header-display":"","ast-banner-title-visibility":"","ast-main-header-display":"","ast-hfb-above-header-display":"","ast-hfb-below-header-display":"","ast-hfb-mobile-header-display":"","site-post-title":"disabled","ast-breadcrumbs-content":"","ast-featured-img":"disabled","footer-sml-layout":"","ast-disable-related-posts":"","theme-transparent-header-meta":"default","adv-header-id-meta":"","stick-header-meta":"","header-above-stick-meta":"","header-main-stick-meta":"","header-below-stick-meta":"","astra-migrate-meta-layouts":"set","ast-page-background-enabled":"default","ast-page-background-meta":{"desktop":{"background-color":"","background-image":"","background-repeat":"repeat","background-position":"center center","background-size":"auto","background-attachment":"scroll","background-type":"","background-media":"","overlay-type":"","overlay-color":"","overlay-opacity":"","overlay-gradient":""},"tablet":{"background-color":"","background-image":"","background-repeat":"repeat","background-position":"center center","background-size":"auto","background-attachment":"scroll","background-type":"","background-media":"","overlay-type":"","overlay-color":"","overlay-opacity":"","overlay-gradient":""},"mobile":{"background-color":"","background-image":"","background-repeat":"repeat","background-position":"center center","background-size":"auto","background-attachment":"scroll","background-type":"","background-media":"","overlay-type":"","overlay-color":"","overlay-opacity":"","overlay-gradient":""}},"ast-content-background-meta":{"desktop":{"background-color":"var(--ast-global-color-5)","background-image":"","background-repeat":"repeat","background-position":"center center","background-size":"auto","background-attachment":"scroll","background-type":"","background-media":"","overlay-type":"","overlay-color":"","overlay-opacity":"","overlay-gradient":""},"tablet":{"background-color":"var(--ast-global-color-5)","background-image":"","background-repeat":"repeat","background-position":"center center","background-size":"auto","background-attachment":"scroll","background-type":"","background-media":"","overlay-type":"","overlay-color":"","overlay-opacity":"","overlay-gradient":""},"mobile":{"background-color":"var(--ast-global-color-5)","background-image":"","background-repeat":"repeat","background-position":"center center","background-size":"auto","background-attachment":"scroll","background-type":"","background-media":"","overlay-type":"","overlay-color":"","overlay-opacity":"","overlay-gradient":""}},"footnotes":""},"class_list":["post-2312","page","type-page","status-publish","hentry"],"_links":{"self":[{"href":"https:\/\/arenasportevents.com\/es\/wp-json\/wp\/v2\/pages\/2312","targetHints":{"allow":["GET"]}}],"collection":[{"href":"https:\/\/arenasportevents.com\/es\/wp-json\/wp\/v2\/pages"}],"about":[{"href":"https:\/\/arenasportevents.com\/es\/wp-json\/wp\/v2\/types\/page"}],"author":[{"embeddable":true,"href":"https:\/\/arenasportevents.com\/es\/wp-json\/wp\/v2\/users\/1"}],"replies":[{"embeddable":true,"href":"https:\/\/arenasportevents.com\/es\/wp-json\/wp\/v2\/comments?post=2312"}],"version-history":[{"count":0,"href":"https:\/\/arenasportevents.com\/es\/wp-json\/wp\/v2\/pages\/2312\/revisions"}],"wp:attachment":[{"href":"https:\/\/arenasportevents.com\/es\/wp-json\/wp\/v2\/media?parent=2312"}],"curies":[{"name":"wp","href":"https:\/\/api.w.org\/{rel}","templated":true}]}}